{"id":2249,"date":"2026-03-12T02:04:00","date_gmt":"2026-03-12T02:04:00","guid":{"rendered":"https:\/\/escaipn2.com\/snecense\/?post_type=product&#038;p=2249"},"modified":"2026-03-12T02:08:21","modified_gmt":"2026-03-12T02:08:21","slug":"212-men-sexy-edt","status":"publish","type":"product","link":"https:\/\/escaipn2.com\/snecense\/producto\/212-men-sexy-edt\/","title":{"rendered":"212 Men Sexy EDT"},"content":{"rendered":"<p data-start=\"0\" data-end=\"53\"><strong data-start=\"0\" data-end=\"51\">212 Sexy Men EDT \u2013 212 Sexy Men Eau de Toilette<\/strong><\/p>\n<p data-start=\"55\" data-end=\"299\" data-is-last-node=\"\" data-is-only-node=\"\">Fragancia seductora y elegante con notas orientales de vainilla, \u00e1mbar y especias, combinadas con un toque fresco de mandarina. Ideal para el hombre seguro y carism\u00e1tico que busca destacar en la noche con un aroma c\u00e1lido, atractivo y memorable.<\/p>\n","protected":false},"excerpt":{"rendered":"<p>212 Sexy Men EDT \u2013 212 Sexy Men Eau de Toilette Fragancia seductora y elegante con notas orientales de vainilla, \u00e1mbar y especias, combinadas con un toque fresco de mandarina. Ideal para el hombre seguro y carism\u00e1tico que busca destacar en la noche con un aroma c\u00e1lido, atractivo y memorable.<\/p>\n","protected":false},"featured_media":2250,"template":"","meta":[],"product_brand":[42],"product_cat":[206,31],"product_tag":[],"class_list":{"0":"post-2249","1":"product","2":"type-product","3":"status-publish","4":"has-post-thumbnail","6":"product_brand-ch","7":"product_cat-hombre","8":"product_cat-perfumes-hombre","9":"pa_ml-100ml","11":"first","12":"instock","13":"shipping-taxable","14":"purchasable","15":"product-type-simple"},"_links":{"self":[{"href":"https:\/\/escaipn2.com\/snecense\/wp-json\/wp\/v2\/product\/2249","targetHints":{"allow":["GET"]}}],"collection":[{"href":"https:\/\/escaipn2.com\/snecense\/wp-json\/wp\/v2\/product"}],"about":[{"href":"https:\/\/escaipn2.com\/snecense\/wp-json\/wp\/v2\/types\/product"}],"wp:featuredmedia":[{"embeddable":true,"href":"https:\/\/escaipn2.com\/snecense\/wp-json\/wp\/v2\/media\/2250"}],"wp:attachment":[{"href":"https:\/\/escaipn2.com\/snecense\/wp-json\/wp\/v2\/media?parent=2249"}],"wp:term":[{"taxonomy":"product_brand","embeddable":true,"href":"https:\/\/escaipn2.com\/snecense\/wp-json\/wp\/v2\/product_brand?post=2249"},{"taxonomy":"product_cat","embeddable":true,"href":"https:\/\/escaipn2.com\/snecense\/wp-json\/wp\/v2\/product_cat?post=2249"},{"taxonomy":"product_tag","embeddable":true,"href":"https:\/\/escaipn2.com\/snecense\/wp-json\/wp\/v2\/product_tag?post=2249"}],"curies":[{"name":"wp","href":"https:\/\/api.w.org\/{rel}","templated":true}]}}