{"id":1915,"date":"2026-01-05T20:03:49","date_gmt":"2026-01-05T20:03:49","guid":{"rendered":"https:\/\/escaipn2.com\/snecense\/?post_type=product&#038;p=1915"},"modified":"2026-01-06T18:12:28","modified_gmt":"2026-01-06T18:12:28","slug":"air-force-1-nike","status":"publish","type":"product","link":"https:\/\/escaipn2.com\/snecense\/producto\/air-force-1-nike\/","title":{"rendered":"Nike Air Force 1 &#8217;07"},"content":{"rendered":"","protected":false},"excerpt":{"rendered":"<p class=\"ux-p\">Uno de los calzados m\u00e1s emblem\u00e1ticos en la historia de los sneakers es el AIR FORCE 1 , el primer calzado de b\u00e1squetbol en incorporar la tecnolog\u00eda Nike Air. Nike se inspir\u00f3 en el AIR FORCE ONE el avi\u00f3n que transporta al presidente de Estados Unidos para representar el aire que incorpora el par de tenis.<br \/>\nCon la llegada de estos tenis, Nike revolucion\u00f3 el juego ganando una aceptaci\u00f3n dentro de la cancha de b\u00e1squetbol adem\u00e1s de convertirse r\u00e1pidamente en un s\u00edmbolo en las calles. En la actualidad, Nike mantiene la fidelidad de sus ra\u00edces en sus tenis <em>Air Force 1<\/em>, por lo que se han vuelto en todo un cl\u00e1sico para la cultura urbana.<\/p>\n","protected":false},"featured_media":1997,"template":"","meta":[],"product_brand":[207],"product_cat":[206,22,27,29],"product_tag":[],"class_list":{"0":"post-1915","1":"product","2":"type-product","3":"status-publish","4":"has-post-thumbnail","6":"product_brand-nike","7":"product_cat-hombre","8":"product_cat-tenis","9":"product_cat-mujer","10":"product_cat-tenis-mujer","11":"pa_tallatenis-22-5","12":"pa_tallatenis-84","13":"pa_tallatenis-23-5","14":"pa_tallatenis-85","15":"pa_tallatenis-24-5","16":"pa_tallatenis-88","17":"pa_tallatenis-25-5","18":"pa_tallatenis-74","19":"pa_tallatenis-26-5","20":"pa_tallatenis-76","21":"pa_tallatenis-27-5","22":"pa_tallatenis-78","23":"pa_tallatenis-28-5","24":"pa_tallatenis-80","25":"pa_tallatenis-29-5","26":"pa_tallatenis-82","28":"first","29":"instock","30":"shipping-taxable","31":"purchasable","32":"product-type-variable"},"_links":{"self":[{"href":"https:\/\/escaipn2.com\/snecense\/wp-json\/wp\/v2\/product\/1915","targetHints":{"allow":["GET"]}}],"collection":[{"href":"https:\/\/escaipn2.com\/snecense\/wp-json\/wp\/v2\/product"}],"about":[{"href":"https:\/\/escaipn2.com\/snecense\/wp-json\/wp\/v2\/types\/product"}],"wp:featuredmedia":[{"embeddable":true,"href":"https:\/\/escaipn2.com\/snecense\/wp-json\/wp\/v2\/media\/1997"}],"wp:attachment":[{"href":"https:\/\/escaipn2.com\/snecense\/wp-json\/wp\/v2\/media?parent=1915"}],"wp:term":[{"taxonomy":"product_brand","embeddable":true,"href":"https:\/\/escaipn2.com\/snecense\/wp-json\/wp\/v2\/product_brand?post=1915"},{"taxonomy":"product_cat","embeddable":true,"href":"https:\/\/escaipn2.com\/snecense\/wp-json\/wp\/v2\/product_cat?post=1915"},{"taxonomy":"product_tag","embeddable":true,"href":"https:\/\/escaipn2.com\/snecense\/wp-json\/wp\/v2\/product_tag?post=1915"}],"curies":[{"name":"wp","href":"https:\/\/api.w.org\/{rel}","templated":true}]}}