{"id":1566,"date":"2025-12-17T06:10:57","date_gmt":"2025-12-17T06:10:57","guid":{"rendered":"https:\/\/escaipn2.com\/snecense\/?post_type=product&#038;p=1566"},"modified":"2025-12-17T06:10:57","modified_gmt":"2025-12-17T06:10:57","slug":"tommy-hilfiger-edt","status":"publish","type":"product","link":"https:\/\/escaipn2.com\/snecense\/producto\/tommy-hilfiger-edt\/","title":{"rendered":"Tommy Hilfiger-EDT"},"content":{"rendered":"<p><strong data-start=\"175\" data-end=\"219\">Tommy Hilfiger \u2013 Tommy \u2013 Eau de Toilette<\/strong><\/p>\n<p>Tommy es una fragancia fresca y juvenil que combina notas c\u00edtricas y arom\u00e1ticas con un fondo limpio y ligero. Su aroma transmite energ\u00eda, optimismo y estilo casual, ideal para el uso diario. Perfecta para hombres que buscan frescura, autenticidad y un estilo relajado y moderno.<\/p>\n","protected":false},"excerpt":{"rendered":"<p>Tommy Hilfiger \u2013 Tommy \u2013 Eau de Toilette Tommy es una fragancia fresca y juvenil que combina notas c\u00edtricas y arom\u00e1ticas con un fondo limpio y ligero. Su aroma transmite energ\u00eda, optimismo y estilo casual, ideal para el uso diario. Perfecta para hombres que buscan frescura, autenticidad y un estilo relajado y moderno.<\/p>\n","protected":false},"featured_media":1569,"template":"","meta":[],"product_brand":[52],"product_cat":[31],"product_tag":[],"class_list":{"0":"post-1566","1":"product","2":"type-product","3":"status-publish","4":"has-post-thumbnail","6":"product_brand-th","7":"product_cat-perfumes-hombre","8":"pa_ml-100ml","10":"first","11":"instock","12":"shipping-taxable","13":"purchasable","14":"product-type-simple"},"_links":{"self":[{"href":"https:\/\/escaipn2.com\/snecense\/wp-json\/wp\/v2\/product\/1566","targetHints":{"allow":["GET"]}}],"collection":[{"href":"https:\/\/escaipn2.com\/snecense\/wp-json\/wp\/v2\/product"}],"about":[{"href":"https:\/\/escaipn2.com\/snecense\/wp-json\/wp\/v2\/types\/product"}],"wp:featuredmedia":[{"embeddable":true,"href":"https:\/\/escaipn2.com\/snecense\/wp-json\/wp\/v2\/media\/1569"}],"wp:attachment":[{"href":"https:\/\/escaipn2.com\/snecense\/wp-json\/wp\/v2\/media?parent=1566"}],"wp:term":[{"taxonomy":"product_brand","embeddable":true,"href":"https:\/\/escaipn2.com\/snecense\/wp-json\/wp\/v2\/product_brand?post=1566"},{"taxonomy":"product_cat","embeddable":true,"href":"https:\/\/escaipn2.com\/snecense\/wp-json\/wp\/v2\/product_cat?post=1566"},{"taxonomy":"product_tag","embeddable":true,"href":"https:\/\/escaipn2.com\/snecense\/wp-json\/wp\/v2\/product_tag?post=1566"}],"curies":[{"name":"wp","href":"https:\/\/api.w.org\/{rel}","templated":true}]}}