{"id":1558,"date":"2025-12-17T06:05:43","date_gmt":"2025-12-17T06:05:43","guid":{"rendered":"https:\/\/escaipn2.com\/snecense\/?post_type=product&#038;p=1558"},"modified":"2025-12-17T06:05:43","modified_gmt":"2025-12-17T06:05:43","slug":"paco-rabanne-one-million-edt","status":"publish","type":"product","link":"https:\/\/escaipn2.com\/snecense\/producto\/paco-rabanne-one-million-edt\/","title":{"rendered":"Paco Rabanne One Million-EDT"},"content":{"rendered":"<p><strong data-start=\"60\" data-end=\"106\">Paco Rabanne One Million \u2013 Eau de Toilette<\/strong><\/p>\n<p>One Million es una fragancia audaz y distintiva que combina notas especiadas, c\u00edtricas y amaderadas con un fondo c\u00e1lido y sensual. Su aroma vibrante transmite confianza, \u00e9xito y personalidad, ideal para la noche o eventos especiales. Perfecta para hombres que buscan un estilo moderno, llamativo y con car\u00e1cter.<\/p>\n","protected":false},"excerpt":{"rendered":"<p>Paco Rabanne One Million \u2013 Eau de Toilette One Million es una fragancia audaz y distintiva que combina notas especiadas, c\u00edtricas y amaderadas con un fondo c\u00e1lido y sensual. Su aroma vibrante transmite confianza, \u00e9xito y personalidad, ideal para la noche o eventos especiales. Perfecta para hombres que buscan un estilo moderno, llamativo y con [&hellip;]<\/p>\n","protected":false},"featured_media":1560,"template":"","meta":[],"product_brand":[49],"product_cat":[31],"product_tag":[],"class_list":{"0":"post-1558","1":"product","2":"type-product","3":"status-publish","4":"has-post-thumbnail","6":"product_brand-pr","7":"product_cat-perfumes-hombre","8":"pa_ml-100ml","10":"first","11":"instock","12":"shipping-taxable","13":"purchasable","14":"product-type-simple"},"_links":{"self":[{"href":"https:\/\/escaipn2.com\/snecense\/wp-json\/wp\/v2\/product\/1558","targetHints":{"allow":["GET"]}}],"collection":[{"href":"https:\/\/escaipn2.com\/snecense\/wp-json\/wp\/v2\/product"}],"about":[{"href":"https:\/\/escaipn2.com\/snecense\/wp-json\/wp\/v2\/types\/product"}],"wp:featuredmedia":[{"embeddable":true,"href":"https:\/\/escaipn2.com\/snecense\/wp-json\/wp\/v2\/media\/1560"}],"wp:attachment":[{"href":"https:\/\/escaipn2.com\/snecense\/wp-json\/wp\/v2\/media?parent=1558"}],"wp:term":[{"taxonomy":"product_brand","embeddable":true,"href":"https:\/\/escaipn2.com\/snecense\/wp-json\/wp\/v2\/product_brand?post=1558"},{"taxonomy":"product_cat","embeddable":true,"href":"https:\/\/escaipn2.com\/snecense\/wp-json\/wp\/v2\/product_cat?post=1558"},{"taxonomy":"product_tag","embeddable":true,"href":"https:\/\/escaipn2.com\/snecense\/wp-json\/wp\/v2\/product_tag?post=1558"}],"curies":[{"name":"wp","href":"https:\/\/api.w.org\/{rel}","templated":true}]}}