{"id":1550,"date":"2025-12-17T05:59:30","date_gmt":"2025-12-17T05:59:30","guid":{"rendered":"https:\/\/escaipn2.com\/snecense\/?post_type=product&#038;p=1550"},"modified":"2025-12-17T05:59:30","modified_gmt":"2025-12-17T05:59:30","slug":"paco-rabanne-invictus-edt","status":"publish","type":"product","link":"https:\/\/escaipn2.com\/snecense\/producto\/paco-rabanne-invictus-edt\/","title":{"rendered":"Paco Rabanne Invictus-EDT"},"content":{"rendered":"<p><strong data-start=\"60\" data-end=\"103\">Paco Rabanne Invictus \u2013 Eau de Toilette<\/strong><\/p>\n<p>Invictus es una fragancia fresca y vibrante que combina notas acu\u00e1ticas y c\u00edtricas con un fondo amaderado y sensual. Su aroma energ\u00e9tico transmite fuerza, victoria y confianza, ideal para el uso diario y ocasiones casuales. Perfecta para hombres que buscan un estilo din\u00e1mico, moderno y lleno de actitud.<\/p>\n","protected":false},"excerpt":{"rendered":"<p>Paco Rabanne Invictus \u2013 Eau de Toilette Invictus es una fragancia fresca y vibrante que combina notas acu\u00e1ticas y c\u00edtricas con un fondo amaderado y sensual. Su aroma energ\u00e9tico transmite fuerza, victoria y confianza, ideal para el uso diario y ocasiones casuales. Perfecta para hombres que buscan un estilo din\u00e1mico, moderno y lleno de actitud.<\/p>\n","protected":false},"featured_media":1551,"template":"","meta":[],"product_brand":[49],"product_cat":[31],"product_tag":[],"class_list":{"0":"post-1550","1":"product","2":"type-product","3":"status-publish","4":"has-post-thumbnail","6":"product_brand-pr","7":"product_cat-perfumes-hombre","8":"pa_ml-100ml","10":"first","11":"instock","12":"shipping-taxable","13":"purchasable","14":"product-type-simple"},"_links":{"self":[{"href":"https:\/\/escaipn2.com\/snecense\/wp-json\/wp\/v2\/product\/1550","targetHints":{"allow":["GET"]}}],"collection":[{"href":"https:\/\/escaipn2.com\/snecense\/wp-json\/wp\/v2\/product"}],"about":[{"href":"https:\/\/escaipn2.com\/snecense\/wp-json\/wp\/v2\/types\/product"}],"wp:featuredmedia":[{"embeddable":true,"href":"https:\/\/escaipn2.com\/snecense\/wp-json\/wp\/v2\/media\/1551"}],"wp:attachment":[{"href":"https:\/\/escaipn2.com\/snecense\/wp-json\/wp\/v2\/media?parent=1550"}],"wp:term":[{"taxonomy":"product_brand","embeddable":true,"href":"https:\/\/escaipn2.com\/snecense\/wp-json\/wp\/v2\/product_brand?post=1550"},{"taxonomy":"product_cat","embeddable":true,"href":"https:\/\/escaipn2.com\/snecense\/wp-json\/wp\/v2\/product_cat?post=1550"},{"taxonomy":"product_tag","embeddable":true,"href":"https:\/\/escaipn2.com\/snecense\/wp-json\/wp\/v2\/product_tag?post=1550"}],"curies":[{"name":"wp","href":"https:\/\/api.w.org\/{rel}","templated":true}]}}