{"id":1541,"date":"2025-12-17T05:54:49","date_gmt":"2025-12-17T05:54:49","guid":{"rendered":"https:\/\/escaipn2.com\/snecense\/?post_type=product&#038;p=1541"},"modified":"2025-12-17T05:54:49","modified_gmt":"2025-12-17T05:54:49","slug":"nautica-voyage-n-83-edt","status":"publish","type":"product","link":"https:\/\/escaipn2.com\/snecense\/producto\/nautica-voyage-n-83-edt\/","title":{"rendered":"Nautica Voyage N-83-EDT"},"content":{"rendered":"<p><strong data-start=\"60\" data-end=\"101\">Nautica Voyage N-83 \u2013 Eau de Toilette<\/strong><\/p>\n<p>Nautica Voyage N-83 es una fragancia fresca y moderna que combina notas acu\u00e1ticas y c\u00edtricas con un fondo amaderado y elegante. Su aroma ligero y revitalizante transmite sensaci\u00f3n de libertad y dinamismo, ideal para el uso diario y actividades al aire libre. Perfecta para hombres que buscan frescura, estilo casual y una esencia inspirada en la aventura y el mar.<\/p>\n","protected":false},"excerpt":{"rendered":"<p>Nautica Voyage N-83 \u2013 Eau de Toilette Nautica Voyage N-83 es una fragancia fresca y moderna que combina notas acu\u00e1ticas y c\u00edtricas con un fondo amaderado y elegante. Su aroma ligero y revitalizante transmite sensaci\u00f3n de libertad y dinamismo, ideal para el uso diario y actividades al aire libre. Perfecta para hombres que buscan frescura, [&hellip;]<\/p>\n","protected":false},"featured_media":1545,"template":"","meta":[],"product_brand":[50],"product_cat":[31],"product_tag":[],"class_list":{"0":"post-1541","1":"product","2":"type-product","3":"status-publish","4":"has-post-thumbnail","6":"product_brand-na","7":"product_cat-perfumes-hombre","8":"pa_ml-100ml","10":"first","11":"instock","12":"shipping-taxable","13":"purchasable","14":"product-type-simple"},"_links":{"self":[{"href":"https:\/\/escaipn2.com\/snecense\/wp-json\/wp\/v2\/product\/1541","targetHints":{"allow":["GET"]}}],"collection":[{"href":"https:\/\/escaipn2.com\/snecense\/wp-json\/wp\/v2\/product"}],"about":[{"href":"https:\/\/escaipn2.com\/snecense\/wp-json\/wp\/v2\/types\/product"}],"wp:featuredmedia":[{"embeddable":true,"href":"https:\/\/escaipn2.com\/snecense\/wp-json\/wp\/v2\/media\/1545"}],"wp:attachment":[{"href":"https:\/\/escaipn2.com\/snecense\/wp-json\/wp\/v2\/media?parent=1541"}],"wp:term":[{"taxonomy":"product_brand","embeddable":true,"href":"https:\/\/escaipn2.com\/snecense\/wp-json\/wp\/v2\/product_brand?post=1541"},{"taxonomy":"product_cat","embeddable":true,"href":"https:\/\/escaipn2.com\/snecense\/wp-json\/wp\/v2\/product_cat?post=1541"},{"taxonomy":"product_tag","embeddable":true,"href":"https:\/\/escaipn2.com\/snecense\/wp-json\/wp\/v2\/product_tag?post=1541"}],"curies":[{"name":"wp","href":"https:\/\/api.w.org\/{rel}","templated":true}]}}