{"id":1502,"date":"2025-12-17T05:29:49","date_gmt":"2025-12-17T05:29:49","guid":{"rendered":"https:\/\/escaipn2.com\/snecense\/?post_type=product&#038;p=1502"},"modified":"2025-12-17T05:29:49","modified_gmt":"2025-12-17T05:29:49","slug":"jean-paul-gaultier-scandal-edp","status":"publish","type":"product","link":"https:\/\/escaipn2.com\/snecense\/producto\/jean-paul-gaultier-scandal-edp\/","title":{"rendered":"Jean Paul Gaultier Scandal-EDP"},"content":{"rendered":"<p><strong data-start=\"60\" data-end=\"106\">Jean Paul Gaultier Scandal \u2013 Eau de Parfum<\/strong><\/p>\n<p>Scandal es una fragancia intensa y seductora que combina notas c\u00edtricas, florales y especiadas con un fondo c\u00e1lido y amaderado. Su aroma envolvente y audaz transmite confianza y energ\u00eda, ideal para la noche o momentos especiales. Perfecta para hombres que buscan un estilo moderno, atrevido y con personalidad.<\/p>\n","protected":false},"excerpt":{"rendered":"<p>Jean Paul Gaultier Scandal \u2013 Eau de Parfum Scandal es una fragancia intensa y seductora que combina notas c\u00edtricas, florales y especiadas con un fondo c\u00e1lido y amaderado. Su aroma envolvente y audaz transmite confianza y energ\u00eda, ideal para la noche o momentos especiales. Perfecta para hombres que buscan un estilo moderno, atrevido y con [&hellip;]<\/p>\n","protected":false},"featured_media":1504,"template":"","meta":[],"product_brand":[47],"product_cat":[31],"product_tag":[],"class_list":{"0":"post-1502","1":"product","2":"type-product","3":"status-publish","4":"has-post-thumbnail","6":"product_brand-jpg","7":"product_cat-perfumes-hombre","8":"pa_ml-100ml","10":"first","11":"instock","12":"shipping-taxable","13":"purchasable","14":"product-type-simple"},"_links":{"self":[{"href":"https:\/\/escaipn2.com\/snecense\/wp-json\/wp\/v2\/product\/1502","targetHints":{"allow":["GET"]}}],"collection":[{"href":"https:\/\/escaipn2.com\/snecense\/wp-json\/wp\/v2\/product"}],"about":[{"href":"https:\/\/escaipn2.com\/snecense\/wp-json\/wp\/v2\/types\/product"}],"wp:featuredmedia":[{"embeddable":true,"href":"https:\/\/escaipn2.com\/snecense\/wp-json\/wp\/v2\/media\/1504"}],"wp:attachment":[{"href":"https:\/\/escaipn2.com\/snecense\/wp-json\/wp\/v2\/media?parent=1502"}],"wp:term":[{"taxonomy":"product_brand","embeddable":true,"href":"https:\/\/escaipn2.com\/snecense\/wp-json\/wp\/v2\/product_brand?post=1502"},{"taxonomy":"product_cat","embeddable":true,"href":"https:\/\/escaipn2.com\/snecense\/wp-json\/wp\/v2\/product_cat?post=1502"},{"taxonomy":"product_tag","embeddable":true,"href":"https:\/\/escaipn2.com\/snecense\/wp-json\/wp\/v2\/product_tag?post=1502"}],"curies":[{"name":"wp","href":"https:\/\/api.w.org\/{rel}","templated":true}]}}