{"id":1461,"date":"2025-12-17T02:51:55","date_gmt":"2025-12-17T02:51:55","guid":{"rendered":"https:\/\/escaipn2.com\/snecense\/?post_type=product&#038;p=1461"},"modified":"2025-12-17T02:59:14","modified_gmt":"2025-12-17T02:59:14","slug":"jean-paul-gaultier-le-beau-paradise-garden-edp","status":"publish","type":"product","link":"https:\/\/escaipn2.com\/snecense\/producto\/jean-paul-gaultier-le-beau-paradise-garden-edp\/","title":{"rendered":"Jean Paul Gaultier Le M\u00e2le-EDT"},"content":{"rendered":"<p><strong data-start=\"60\" data-end=\"108\">Jean Paul Gaultier Le M\u00e2le \u2013 Eau de Toilette<\/strong><\/p>\n<p>Le M\u00e2le es una fragancia ic\u00f3nica y atrevida que combina notas frescas y arom\u00e1ticas con un fondo c\u00e1lido y dulce. Su aroma distintivo transmite confianza y magnetismo, ideal para el uso diario o la noche. Perfecta para hombres con personalidad fuerte y estilo \u00fanico.<\/p>\n","protected":false},"excerpt":{"rendered":"<p>Jean Paul Gaultier Le M\u00e2le \u2013 Eau de Toilette Le M\u00e2le es una fragancia ic\u00f3nica y atrevida que combina notas frescas y arom\u00e1ticas con un fondo c\u00e1lido y dulce. Su aroma distintivo transmite confianza y magnetismo, ideal para el uso diario o la noche. Perfecta para hombres con personalidad fuerte y estilo \u00fanico.<\/p>\n","protected":false},"featured_media":1462,"template":"","meta":[],"product_brand":[47],"product_cat":[31],"product_tag":[],"class_list":{"0":"post-1461","1":"product","2":"type-product","3":"status-publish","4":"has-post-thumbnail","6":"product_brand-jpg","7":"product_cat-perfumes-hombre","8":"pa_ml-125ml","10":"first","11":"instock","12":"shipping-taxable","13":"purchasable","14":"product-type-simple"},"_links":{"self":[{"href":"https:\/\/escaipn2.com\/snecense\/wp-json\/wp\/v2\/product\/1461","targetHints":{"allow":["GET"]}}],"collection":[{"href":"https:\/\/escaipn2.com\/snecense\/wp-json\/wp\/v2\/product"}],"about":[{"href":"https:\/\/escaipn2.com\/snecense\/wp-json\/wp\/v2\/types\/product"}],"wp:featuredmedia":[{"embeddable":true,"href":"https:\/\/escaipn2.com\/snecense\/wp-json\/wp\/v2\/media\/1462"}],"wp:attachment":[{"href":"https:\/\/escaipn2.com\/snecense\/wp-json\/wp\/v2\/media?parent=1461"}],"wp:term":[{"taxonomy":"product_brand","embeddable":true,"href":"https:\/\/escaipn2.com\/snecense\/wp-json\/wp\/v2\/product_brand?post=1461"},{"taxonomy":"product_cat","embeddable":true,"href":"https:\/\/escaipn2.com\/snecense\/wp-json\/wp\/v2\/product_cat?post=1461"},{"taxonomy":"product_tag","embeddable":true,"href":"https:\/\/escaipn2.com\/snecense\/wp-json\/wp\/v2\/product_tag?post=1461"}],"curies":[{"name":"wp","href":"https:\/\/api.w.org\/{rel}","templated":true}]}}