{"id":1449,"date":"2025-12-17T02:39:36","date_gmt":"2025-12-17T02:39:36","guid":{"rendered":"https:\/\/escaipn2.com\/snecense\/?post_type=product&#038;p=1449"},"modified":"2025-12-17T02:39:36","modified_gmt":"2025-12-17T02:39:36","slug":"leau-dissey-pour-homme-issey-miyake-edt","status":"publish","type":"product","link":"https:\/\/escaipn2.com\/snecense\/producto\/leau-dissey-pour-homme-issey-miyake-edt\/","title":{"rendered":"L&#8217;Eau D&#8217;Issey Pour Homme\/Issey Miyake-EDT"},"content":{"rendered":"<p><strong data-start=\"60\" data-end=\"121\">L\u2019Eau d\u2019Issey Pour Homme \/ Issey Miyake \u2013 Eau de Toilette<\/strong><\/p>\n<p>L\u2019Eau d\u2019Issey Pour Homme es una fragancia fresca y acu\u00e1tica que combina notas c\u00edtricas, arom\u00e1ticas y amaderadas para crear un aroma limpio y elegante. Su car\u00e1cter puro y equilibrado transmite serenidad y sofisticaci\u00f3n, ideal para el uso diario y climas c\u00e1lidos. Perfecta para hombres que buscan frescura, estilo atemporal y una sensaci\u00f3n de bienestar.<\/p>\n","protected":false},"excerpt":{"rendered":"<p>L\u2019Eau d\u2019Issey Pour Homme \/ Issey Miyake \u2013 Eau de Toilette L\u2019Eau d\u2019Issey Pour Homme es una fragancia fresca y acu\u00e1tica que combina notas c\u00edtricas, arom\u00e1ticas y amaderadas para crear un aroma limpio y elegante. Su car\u00e1cter puro y equilibrado transmite serenidad y sofisticaci\u00f3n, ideal para el uso diario y climas c\u00e1lidos. Perfecta para hombres [&hellip;]<\/p>\n","protected":false},"featured_media":1450,"template":"","meta":[],"product_brand":[60],"product_cat":[31],"product_tag":[],"class_list":{"0":"post-1449","1":"product","2":"type-product","3":"status-publish","4":"has-post-thumbnail","6":"product_brand-im","7":"product_cat-perfumes-hombre","8":"pa_ml-125ml","10":"first","11":"instock","12":"shipping-taxable","13":"purchasable","14":"product-type-simple"},"_links":{"self":[{"href":"https:\/\/escaipn2.com\/snecense\/wp-json\/wp\/v2\/product\/1449","targetHints":{"allow":["GET"]}}],"collection":[{"href":"https:\/\/escaipn2.com\/snecense\/wp-json\/wp\/v2\/product"}],"about":[{"href":"https:\/\/escaipn2.com\/snecense\/wp-json\/wp\/v2\/types\/product"}],"wp:featuredmedia":[{"embeddable":true,"href":"https:\/\/escaipn2.com\/snecense\/wp-json\/wp\/v2\/media\/1450"}],"wp:attachment":[{"href":"https:\/\/escaipn2.com\/snecense\/wp-json\/wp\/v2\/media?parent=1449"}],"wp:term":[{"taxonomy":"product_brand","embeddable":true,"href":"https:\/\/escaipn2.com\/snecense\/wp-json\/wp\/v2\/product_brand?post=1449"},{"taxonomy":"product_cat","embeddable":true,"href":"https:\/\/escaipn2.com\/snecense\/wp-json\/wp\/v2\/product_cat?post=1449"},{"taxonomy":"product_tag","embeddable":true,"href":"https:\/\/escaipn2.com\/snecense\/wp-json\/wp\/v2\/product_tag?post=1449"}],"curies":[{"name":"wp","href":"https:\/\/api.w.org\/{rel}","templated":true}]}}