{"id":1444,"date":"2025-12-17T02:33:57","date_gmt":"2025-12-17T02:33:57","guid":{"rendered":"https:\/\/escaipn2.com\/snecense\/?post_type=product&#038;p=1444"},"modified":"2025-12-17T02:33:57","modified_gmt":"2025-12-17T02:33:57","slug":"hugo-boss-the-scent-edt","status":"publish","type":"product","link":"https:\/\/escaipn2.com\/snecense\/producto\/hugo-boss-the-scent-edt\/","title":{"rendered":"Hugo Boss The Scent-EDT"},"content":{"rendered":"<p><strong data-start=\"60\" data-end=\"101\">Hugo Boss The Scent \u2013 Eau de Toilette<\/strong><\/p>\n<p>The Scent es una fragancia seductora y moderna que combina notas arom\u00e1ticas y especiadas con un fondo c\u00e1lido y sensual. Su aroma envolvente transmite atracci\u00f3n y confianza, ideal para la noche o encuentros especiales. Perfecta para hombres que buscan un estilo sofisticado, atractivo y con personalidad.<\/p>\n","protected":false},"excerpt":{"rendered":"<p>Hugo Boss The Scent \u2013 Eau de Toilette The Scent es una fragancia seductora y moderna que combina notas arom\u00e1ticas y especiadas con un fondo c\u00e1lido y sensual. Su aroma envolvente transmite atracci\u00f3n y confianza, ideal para la noche o encuentros especiales. Perfecta para hombres que buscan un estilo sofisticado, atractivo y con personalidad.<\/p>\n","protected":false},"featured_media":1447,"template":"","meta":[],"product_brand":[41],"product_cat":[31],"product_tag":[],"class_list":{"0":"post-1444","1":"product","2":"type-product","3":"status-publish","4":"has-post-thumbnail","6":"product_brand-hb","7":"product_cat-perfumes-hombre","8":"pa_ml-100ml","10":"first","11":"instock","12":"shipping-taxable","13":"purchasable","14":"product-type-simple"},"_links":{"self":[{"href":"https:\/\/escaipn2.com\/snecense\/wp-json\/wp\/v2\/product\/1444","targetHints":{"allow":["GET"]}}],"collection":[{"href":"https:\/\/escaipn2.com\/snecense\/wp-json\/wp\/v2\/product"}],"about":[{"href":"https:\/\/escaipn2.com\/snecense\/wp-json\/wp\/v2\/types\/product"}],"wp:featuredmedia":[{"embeddable":true,"href":"https:\/\/escaipn2.com\/snecense\/wp-json\/wp\/v2\/media\/1447"}],"wp:attachment":[{"href":"https:\/\/escaipn2.com\/snecense\/wp-json\/wp\/v2\/media?parent=1444"}],"wp:term":[{"taxonomy":"product_brand","embeddable":true,"href":"https:\/\/escaipn2.com\/snecense\/wp-json\/wp\/v2\/product_brand?post=1444"},{"taxonomy":"product_cat","embeddable":true,"href":"https:\/\/escaipn2.com\/snecense\/wp-json\/wp\/v2\/product_cat?post=1444"},{"taxonomy":"product_tag","embeddable":true,"href":"https:\/\/escaipn2.com\/snecense\/wp-json\/wp\/v2\/product_tag?post=1444"}],"curies":[{"name":"wp","href":"https:\/\/api.w.org\/{rel}","templated":true}]}}