{"id":1423,"date":"2025-12-17T02:14:18","date_gmt":"2025-12-17T02:14:18","guid":{"rendered":"https:\/\/escaipn2.com\/snecense\/?post_type=product&#038;p=1423"},"modified":"2025-12-17T02:14:19","modified_gmt":"2025-12-17T02:14:19","slug":"halloween-man-rock-on-edt","status":"publish","type":"product","link":"https:\/\/escaipn2.com\/snecense\/producto\/halloween-man-rock-on-edt\/","title":{"rendered":"Halloween Man Rock On-EDT"},"content":{"rendered":"<p><strong data-start=\"60\" data-end=\"103\">Halloween Man Rock On \u2013 Eau de Toilette<\/strong><\/p>\n<p>Halloween Man Rock On es una fragancia vibrante y atrevida que combina notas frescas y especiadas con un fondo amaderado y profundo. Su aroma en\u00e9rgico y lleno de actitud transmite confianza y esp\u00edritu rebelde, ideal para la noche o eventos especiales. Perfecta para hombres con un estilo audaz, din\u00e1mico y aut\u00e9ntico.<\/p>\n","protected":false},"excerpt":{"rendered":"<p>Halloween Man Rock On \u2013 Eau de Toilette Halloween Man Rock On es una fragancia vibrante y atrevida que combina notas frescas y especiadas con un fondo amaderado y profundo. Su aroma en\u00e9rgico y lleno de actitud transmite confianza y esp\u00edritu rebelde, ideal para la noche o eventos especiales. Perfecta para hombres con un estilo [&hellip;]<\/p>\n","protected":false},"featured_media":1426,"template":"","meta":[],"product_brand":[46],"product_cat":[31],"product_tag":[],"class_list":{"0":"post-1423","1":"product","2":"type-product","3":"status-publish","4":"has-post-thumbnail","6":"product_brand-hw","7":"product_cat-perfumes-hombre","8":"pa_ml-125ml","10":"first","11":"instock","12":"shipping-taxable","13":"purchasable","14":"product-type-simple"},"_links":{"self":[{"href":"https:\/\/escaipn2.com\/snecense\/wp-json\/wp\/v2\/product\/1423","targetHints":{"allow":["GET"]}}],"collection":[{"href":"https:\/\/escaipn2.com\/snecense\/wp-json\/wp\/v2\/product"}],"about":[{"href":"https:\/\/escaipn2.com\/snecense\/wp-json\/wp\/v2\/types\/product"}],"wp:featuredmedia":[{"embeddable":true,"href":"https:\/\/escaipn2.com\/snecense\/wp-json\/wp\/v2\/media\/1426"}],"wp:attachment":[{"href":"https:\/\/escaipn2.com\/snecense\/wp-json\/wp\/v2\/media?parent=1423"}],"wp:term":[{"taxonomy":"product_brand","embeddable":true,"href":"https:\/\/escaipn2.com\/snecense\/wp-json\/wp\/v2\/product_brand?post=1423"},{"taxonomy":"product_cat","embeddable":true,"href":"https:\/\/escaipn2.com\/snecense\/wp-json\/wp\/v2\/product_cat?post=1423"},{"taxonomy":"product_tag","embeddable":true,"href":"https:\/\/escaipn2.com\/snecense\/wp-json\/wp\/v2\/product_tag?post=1423"}],"curies":[{"name":"wp","href":"https:\/\/api.w.org\/{rel}","templated":true}]}}