{"id":1419,"date":"2025-12-17T02:10:55","date_gmt":"2025-12-17T02:10:55","guid":{"rendered":"https:\/\/escaipn2.com\/snecense\/?post_type=product&#038;p=1419"},"modified":"2025-12-17T02:10:55","modified_gmt":"2025-12-17T02:10:55","slug":"halloween-man-hero-edt","status":"publish","type":"product","link":"https:\/\/escaipn2.com\/snecense\/producto\/halloween-man-hero-edt\/","title":{"rendered":"Halloween Man Hero-EDT"},"content":{"rendered":"<p><strong data-start=\"60\" data-end=\"100\">Halloween Man Hero \u2013 Eau de Toilette<\/strong><\/p>\n<p>Halloween Man Hero es una fragancia fresca y moderna que combina notas arom\u00e1ticas y especiadas con un fondo amaderado y vibrante. Su aroma din\u00e1mico y lleno de personalidad transmite confianza y energ\u00eda, ideal para el uso diario o momentos especiales. Perfecta para hombres con un estilo aut\u00e9ntico y audaz.<\/p>\n","protected":false},"excerpt":{"rendered":"<p>Halloween Man Hero \u2013 Eau de Toilette Halloween Man Hero es una fragancia fresca y moderna que combina notas arom\u00e1ticas y especiadas con un fondo amaderado y vibrante. Su aroma din\u00e1mico y lleno de personalidad transmite confianza y energ\u00eda, ideal para el uso diario o momentos especiales. Perfecta para hombres con un estilo aut\u00e9ntico y [&hellip;]<\/p>\n","protected":false},"featured_media":1421,"template":"","meta":[],"product_brand":[46],"product_cat":[31],"product_tag":[],"class_list":{"0":"post-1419","1":"product","2":"type-product","3":"status-publish","4":"has-post-thumbnail","6":"product_brand-hw","7":"product_cat-perfumes-hombre","8":"pa_ml-125ml","10":"first","11":"instock","12":"shipping-taxable","13":"purchasable","14":"product-type-simple"},"_links":{"self":[{"href":"https:\/\/escaipn2.com\/snecense\/wp-json\/wp\/v2\/product\/1419","targetHints":{"allow":["GET"]}}],"collection":[{"href":"https:\/\/escaipn2.com\/snecense\/wp-json\/wp\/v2\/product"}],"about":[{"href":"https:\/\/escaipn2.com\/snecense\/wp-json\/wp\/v2\/types\/product"}],"wp:featuredmedia":[{"embeddable":true,"href":"https:\/\/escaipn2.com\/snecense\/wp-json\/wp\/v2\/media\/1421"}],"wp:attachment":[{"href":"https:\/\/escaipn2.com\/snecense\/wp-json\/wp\/v2\/media?parent=1419"}],"wp:term":[{"taxonomy":"product_brand","embeddable":true,"href":"https:\/\/escaipn2.com\/snecense\/wp-json\/wp\/v2\/product_brand?post=1419"},{"taxonomy":"product_cat","embeddable":true,"href":"https:\/\/escaipn2.com\/snecense\/wp-json\/wp\/v2\/product_cat?post=1419"},{"taxonomy":"product_tag","embeddable":true,"href":"https:\/\/escaipn2.com\/snecense\/wp-json\/wp\/v2\/product_tag?post=1419"}],"curies":[{"name":"wp","href":"https:\/\/api.w.org\/{rel}","templated":true}]}}