{"id":1415,"date":"2025-12-16T21:30:21","date_gmt":"2025-12-16T21:30:21","guid":{"rendered":"https:\/\/escaipn2.com\/snecense\/?post_type=product&#038;p=1415"},"modified":"2025-12-16T21:30:21","modified_gmt":"2025-12-16T21:30:21","slug":"halloween-man-edt","status":"publish","type":"product","link":"https:\/\/escaipn2.com\/snecense\/producto\/halloween-man-edt\/","title":{"rendered":"Halloween Man-EDT"},"content":{"rendered":"<p><strong data-start=\"60\" data-end=\"95\">Halloween Man \u2013 Eau de Toilette<\/strong><\/p>\n<p>Halloween Man es una fragancia moderna y vibrante que combina notas arom\u00e1ticas y especiadas con un fondo amaderado y dulce. Su aroma juvenil y din\u00e1mico transmite energ\u00eda y confianza, ideal para el uso diario o salidas nocturnas. Perfecta para hombres con un estilo casual y aut\u00e9ntico.<\/p>\n","protected":false},"excerpt":{"rendered":"<p>Halloween Man \u2013 Eau de Toilette Halloween Man es una fragancia moderna y vibrante que combina notas arom\u00e1ticas y especiadas con un fondo amaderado y dulce. Su aroma juvenil y din\u00e1mico transmite energ\u00eda y confianza, ideal para el uso diario o salidas nocturnas. Perfecta para hombres con un estilo casual y aut\u00e9ntico.<\/p>\n","protected":false},"featured_media":1417,"template":"","meta":[],"product_brand":[46],"product_cat":[31],"product_tag":[],"class_list":{"0":"post-1415","1":"product","2":"type-product","3":"status-publish","4":"has-post-thumbnail","6":"product_brand-hw","7":"product_cat-perfumes-hombre","8":"pa_ml-125ml","10":"first","11":"instock","12":"shipping-taxable","13":"purchasable","14":"product-type-simple"},"_links":{"self":[{"href":"https:\/\/escaipn2.com\/snecense\/wp-json\/wp\/v2\/product\/1415","targetHints":{"allow":["GET"]}}],"collection":[{"href":"https:\/\/escaipn2.com\/snecense\/wp-json\/wp\/v2\/product"}],"about":[{"href":"https:\/\/escaipn2.com\/snecense\/wp-json\/wp\/v2\/types\/product"}],"wp:featuredmedia":[{"embeddable":true,"href":"https:\/\/escaipn2.com\/snecense\/wp-json\/wp\/v2\/media\/1417"}],"wp:attachment":[{"href":"https:\/\/escaipn2.com\/snecense\/wp-json\/wp\/v2\/media?parent=1415"}],"wp:term":[{"taxonomy":"product_brand","embeddable":true,"href":"https:\/\/escaipn2.com\/snecense\/wp-json\/wp\/v2\/product_brand?post=1415"},{"taxonomy":"product_cat","embeddable":true,"href":"https:\/\/escaipn2.com\/snecense\/wp-json\/wp\/v2\/product_cat?post=1415"},{"taxonomy":"product_tag","embeddable":true,"href":"https:\/\/escaipn2.com\/snecense\/wp-json\/wp\/v2\/product_tag?post=1415"}],"curies":[{"name":"wp","href":"https:\/\/api.w.org\/{rel}","templated":true}]}}