{"id":1403,"date":"2025-12-16T21:19:45","date_gmt":"2025-12-16T21:19:45","guid":{"rendered":"https:\/\/escaipn2.com\/snecense\/?post_type=product&#038;p=1403"},"modified":"2025-12-16T21:19:45","modified_gmt":"2025-12-16T21:19:45","slug":"dolce-gabbana-k-king-edp","status":"publish","type":"product","link":"https:\/\/escaipn2.com\/snecense\/producto\/dolce-gabbana-k-king-edp\/","title":{"rendered":"Dolce &#038; Gabbana K (King)-EDP"},"content":{"rendered":"<p><strong data-start=\"60\" data-end=\"104\">Dolce &amp; Gabbana K (King) \u2013 Eau de Parfum<\/strong><\/p>\n<p>K by Dolce &amp; Gabbana es una fragancia intensa y elegante que combina notas frescas y especiadas con un fondo amaderado y vibrante. Su aroma refleja liderazgo, confianza y sofisticaci\u00f3n, ideal para hombres seguros de s\u00ed mismos que buscan un estilo poderoso y contempor\u00e1neo.<\/p>\n","protected":false},"excerpt":{"rendered":"<p>Dolce &amp; Gabbana K (King) \u2013 Eau de Parfum K by Dolce &amp; Gabbana es una fragancia intensa y elegante que combina notas frescas y especiadas con un fondo amaderado y vibrante. Su aroma refleja liderazgo, confianza y sofisticaci\u00f3n, ideal para hombres seguros de s\u00ed mismos que buscan un estilo poderoso y contempor\u00e1neo.<\/p>\n","protected":false},"featured_media":1406,"template":"","meta":[],"product_brand":[55],"product_cat":[31],"product_tag":[],"class_list":{"0":"post-1403","1":"product","2":"type-product","3":"status-publish","4":"has-post-thumbnail","6":"product_brand-dg","7":"product_cat-perfumes-hombre","8":"pa_ml-100ml","10":"first","11":"instock","12":"shipping-taxable","13":"purchasable","14":"product-type-simple"},"_links":{"self":[{"href":"https:\/\/escaipn2.com\/snecense\/wp-json\/wp\/v2\/product\/1403","targetHints":{"allow":["GET"]}}],"collection":[{"href":"https:\/\/escaipn2.com\/snecense\/wp-json\/wp\/v2\/product"}],"about":[{"href":"https:\/\/escaipn2.com\/snecense\/wp-json\/wp\/v2\/types\/product"}],"wp:featuredmedia":[{"embeddable":true,"href":"https:\/\/escaipn2.com\/snecense\/wp-json\/wp\/v2\/media\/1406"}],"wp:attachment":[{"href":"https:\/\/escaipn2.com\/snecense\/wp-json\/wp\/v2\/media?parent=1403"}],"wp:term":[{"taxonomy":"product_brand","embeddable":true,"href":"https:\/\/escaipn2.com\/snecense\/wp-json\/wp\/v2\/product_brand?post=1403"},{"taxonomy":"product_cat","embeddable":true,"href":"https:\/\/escaipn2.com\/snecense\/wp-json\/wp\/v2\/product_cat?post=1403"},{"taxonomy":"product_tag","embeddable":true,"href":"https:\/\/escaipn2.com\/snecense\/wp-json\/wp\/v2\/product_tag?post=1403"}],"curies":[{"name":"wp","href":"https:\/\/api.w.org\/{rel}","templated":true}]}}