{"id":1351,"date":"2025-12-16T18:13:55","date_gmt":"2025-12-16T18:13:55","guid":{"rendered":"https:\/\/escaipn2.com\/snecense\/?post_type=product&#038;p=1351"},"modified":"2025-12-16T18:13:55","modified_gmt":"2025-12-16T18:13:55","slug":"azzaro-wanted-edt","status":"publish","type":"product","link":"https:\/\/escaipn2.com\/snecense\/producto\/azzaro-wanted-edt\/","title":{"rendered":"Azzaro Wanted-EDT"},"content":{"rendered":"<div class=\"flex max-w-full flex-col grow\">\n<div class=\"min-h-8 text-message relative flex w-full flex-col items-end gap-2 text-start break-words whitespace-normal [.text-message+&amp;]:mt-1\" dir=\"auto\" data-message-author-role=\"assistant\" data-message-id=\"2dbbcd49-f184-474d-b6b2-6dc37fc4cefd\" data-message-model-slug=\"gpt-5-2\">\n<div class=\"flex w-full flex-col gap-1 empty:hidden first:pt-[1px]\">\n<div class=\"markdown prose dark:prose-invert w-full break-words dark markdown-new-styling\">\n<p data-start=\"60\" data-end=\"383\" data-is-last-node=\"\" data-is-only-node=\"\"><strong data-start=\"60\" data-end=\"95\">Azzaro Wanted \u2013 Eau de Toilette<\/strong><\/p>\n<p data-start=\"60\" data-end=\"383\" data-is-last-node=\"\" data-is-only-node=\"\">Azzaro Wanted es una fragancia fresca y especiada con un car\u00e1cter vibrante y masculino. Combina notas c\u00edtricas y arom\u00e1ticas con un fondo amaderado, creando un aroma audaz y energ\u00e9tico. Ideal para el uso diario, perfecta para hombres seguros de s\u00ed mismos que buscan destacar con estilo.<\/p>\n<\/div>\n<\/div>\n<\/div>\n<\/div>\n<div class=\"z-0 flex min-h-[46px] justify-start\"><\/div>\n<div class=\"border-token-border-light my-2 flex gap-10 border-t pt-4\"><\/div>\n","protected":false},"excerpt":{"rendered":"<p>Azzaro Wanted \u2013 Eau de Toilette Azzaro Wanted es una fragancia fresca y especiada con un car\u00e1cter vibrante y masculino. Combina notas c\u00edtricas y arom\u00e1ticas con un fondo amaderado, creando un aroma audaz y energ\u00e9tico. Ideal para el uso diario, perfecta para hombres seguros de s\u00ed mismos que buscan destacar con estilo.<\/p>\n","protected":false},"featured_media":1353,"template":"","meta":[],"product_brand":[48],"product_cat":[31],"product_tag":[],"class_list":{"0":"post-1351","1":"product","2":"type-product","3":"status-publish","4":"has-post-thumbnail","6":"product_brand-azz","7":"product_cat-perfumes-hombre","8":"pa_ml-100ml","10":"first","11":"instock","12":"shipping-taxable","13":"purchasable","14":"product-type-simple"},"_links":{"self":[{"href":"https:\/\/escaipn2.com\/snecense\/wp-json\/wp\/v2\/product\/1351","targetHints":{"allow":["GET"]}}],"collection":[{"href":"https:\/\/escaipn2.com\/snecense\/wp-json\/wp\/v2\/product"}],"about":[{"href":"https:\/\/escaipn2.com\/snecense\/wp-json\/wp\/v2\/types\/product"}],"wp:featuredmedia":[{"embeddable":true,"href":"https:\/\/escaipn2.com\/snecense\/wp-json\/wp\/v2\/media\/1353"}],"wp:attachment":[{"href":"https:\/\/escaipn2.com\/snecense\/wp-json\/wp\/v2\/media?parent=1351"}],"wp:term":[{"taxonomy":"product_brand","embeddable":true,"href":"https:\/\/escaipn2.com\/snecense\/wp-json\/wp\/v2\/product_brand?post=1351"},{"taxonomy":"product_cat","embeddable":true,"href":"https:\/\/escaipn2.com\/snecense\/wp-json\/wp\/v2\/product_cat?post=1351"},{"taxonomy":"product_tag","embeddable":true,"href":"https:\/\/escaipn2.com\/snecense\/wp-json\/wp\/v2\/product_tag?post=1351"}],"curies":[{"name":"wp","href":"https:\/\/api.w.org\/{rel}","templated":true}]}}