{"id":1269,"date":"2025-12-16T06:00:22","date_gmt":"2025-12-16T06:00:22","guid":{"rendered":"https:\/\/escaipn2.com\/snecense\/?post_type=product&#038;p=1269"},"modified":"2025-12-16T06:00:22","modified_gmt":"2025-12-16T06:00:22","slug":"perry-ellis-360-men-edt","status":"publish","type":"product","link":"https:\/\/escaipn2.com\/snecense\/producto\/perry-ellis-360-men-edt\/","title":{"rendered":"Perry Ellis 360 Men-EDT"},"content":{"rendered":"<p><strong data-start=\"60\" data-end=\"101\">Perry Ellis 360 Men \u2013 Eau de Toilette<\/strong><\/p>\n<p>360 Men es una fragancia fresca y arom\u00e1tica que combina notas c\u00edtricas y especiadas con un fondo amaderado y limpio. Su aroma ligero y vers\u00e1til transmite energ\u00eda y modernidad, ideal para el uso diario. Perfecta para hombres que buscan frescura, comodidad y un estilo cl\u00e1sico.<\/p>\n","protected":false},"excerpt":{"rendered":"<p>Perry Ellis 360 Men \u2013 Eau de Toilette 360 Men es una fragancia fresca y arom\u00e1tica que combina notas c\u00edtricas y especiadas con un fondo amaderado y limpio. Su aroma ligero y vers\u00e1til transmite energ\u00eda y modernidad, ideal para el uso diario. Perfecta para hombres que buscan frescura, comodidad y un estilo cl\u00e1sico.<\/p>\n","protected":false},"featured_media":1272,"template":"","meta":[],"product_brand":[53],"product_cat":[31],"product_tag":[],"class_list":{"0":"post-1269","1":"product","2":"type-product","3":"status-publish","4":"has-post-thumbnail","6":"product_brand-pe","7":"product_cat-perfumes-hombre","8":"pa_ml-100ml","10":"first","11":"instock","12":"shipping-taxable","13":"purchasable","14":"product-type-simple"},"_links":{"self":[{"href":"https:\/\/escaipn2.com\/snecense\/wp-json\/wp\/v2\/product\/1269","targetHints":{"allow":["GET"]}}],"collection":[{"href":"https:\/\/escaipn2.com\/snecense\/wp-json\/wp\/v2\/product"}],"about":[{"href":"https:\/\/escaipn2.com\/snecense\/wp-json\/wp\/v2\/types\/product"}],"wp:featuredmedia":[{"embeddable":true,"href":"https:\/\/escaipn2.com\/snecense\/wp-json\/wp\/v2\/media\/1272"}],"wp:attachment":[{"href":"https:\/\/escaipn2.com\/snecense\/wp-json\/wp\/v2\/media?parent=1269"}],"wp:term":[{"taxonomy":"product_brand","embeddable":true,"href":"https:\/\/escaipn2.com\/snecense\/wp-json\/wp\/v2\/product_brand?post=1269"},{"taxonomy":"product_cat","embeddable":true,"href":"https:\/\/escaipn2.com\/snecense\/wp-json\/wp\/v2\/product_cat?post=1269"},{"taxonomy":"product_tag","embeddable":true,"href":"https:\/\/escaipn2.com\/snecense\/wp-json\/wp\/v2\/product_tag?post=1269"}],"curies":[{"name":"wp","href":"https:\/\/api.w.org\/{rel}","templated":true}]}}