{"id":1248,"date":"2025-12-16T05:34:24","date_gmt":"2025-12-16T05:34:24","guid":{"rendered":"https:\/\/escaipn2.com\/snecense\/?post_type=product&#038;p=1248"},"modified":"2025-12-17T07:13:24","modified_gmt":"2025-12-17T07:13:24","slug":"paris-hilton-can-can-edp","status":"publish","type":"product","link":"https:\/\/escaipn2.com\/snecense\/producto\/paris-hilton-can-can-edp\/","title":{"rendered":"Paris Hilton Can Can-EDP"},"content":{"rendered":"<p><strong data-start=\"60\" data-end=\"100\">Paris Hilton Can Can \u2013 Eau de Parfum<\/strong><\/p>\n<p>Paris Hilton Can Can es una fragancia femenina vibrante y juguetona que combina notas florales brillantes con toques c\u00edtricos y un fondo dulce y seductor. Su aroma divertido y energ\u00e9tico transmite alegr\u00eda, confianza y estilo, ideal para el uso diario o salidas especiales. Perfecta para mujeres que buscan un toque de glamour moderno y actitud positiva.<\/p>\n","protected":false},"excerpt":{"rendered":"<p>Paris Hilton Can Can \u2013 Eau de Parfum Paris Hilton Can Can es una fragancia femenina vibrante y juguetona que combina notas florales brillantes con toques c\u00edtricos y un fondo dulce y seductor. Su aroma divertido y energ\u00e9tico transmite alegr\u00eda, confianza y estilo, ideal para el uso diario o salidas especiales. Perfecta para mujeres que [&hellip;]<\/p>\n","protected":false},"featured_media":1610,"template":"","meta":[],"product_brand":[200],"product_cat":[27,32],"product_tag":[],"class_list":{"0":"post-1248","1":"product","2":"type-product","3":"status-publish","4":"has-post-thumbnail","6":"product_brand-paris-hilton","7":"product_cat-mujer","8":"product_cat-perfumes-mujer","9":"pa_ml-100ml","11":"first","12":"instock","13":"shipping-taxable","14":"purchasable","15":"product-type-simple"},"_links":{"self":[{"href":"https:\/\/escaipn2.com\/snecense\/wp-json\/wp\/v2\/product\/1248","targetHints":{"allow":["GET"]}}],"collection":[{"href":"https:\/\/escaipn2.com\/snecense\/wp-json\/wp\/v2\/product"}],"about":[{"href":"https:\/\/escaipn2.com\/snecense\/wp-json\/wp\/v2\/types\/product"}],"wp:featuredmedia":[{"embeddable":true,"href":"https:\/\/escaipn2.com\/snecense\/wp-json\/wp\/v2\/media\/1610"}],"wp:attachment":[{"href":"https:\/\/escaipn2.com\/snecense\/wp-json\/wp\/v2\/media?parent=1248"}],"wp:term":[{"taxonomy":"product_brand","embeddable":true,"href":"https:\/\/escaipn2.com\/snecense\/wp-json\/wp\/v2\/product_brand?post=1248"},{"taxonomy":"product_cat","embeddable":true,"href":"https:\/\/escaipn2.com\/snecense\/wp-json\/wp\/v2\/product_cat?post=1248"},{"taxonomy":"product_tag","embeddable":true,"href":"https:\/\/escaipn2.com\/snecense\/wp-json\/wp\/v2\/product_tag?post=1248"}],"curies":[{"name":"wp","href":"https:\/\/api.w.org\/{rel}","templated":true}]}}