{"id":1247,"date":"2025-12-16T05:34:02","date_gmt":"2025-12-16T05:34:02","guid":{"rendered":"https:\/\/escaipn2.com\/snecense\/?post_type=product&#038;p=1247"},"modified":"2025-12-16T05:34:03","modified_gmt":"2025-12-16T05:34:03","slug":"dolce-gabbana-pour-homme-edt","status":"publish","type":"product","link":"https:\/\/escaipn2.com\/snecense\/producto\/dolce-gabbana-pour-homme-edt\/","title":{"rendered":"Dolce &#038; Gabbana Pour Homme-EDT"},"content":{"rendered":"<p><strong data-start=\"60\" data-end=\"108\">Dolce &amp; Gabbana Pour Homme \u2013 Eau de Toilette<\/strong><\/p>\n<p>Pour Homme es una fragancia cl\u00e1sica y elegante que combina notas arom\u00e1ticas y c\u00edtricas con un fondo amaderado y suave. Su aroma fresco y masculino transmite sofisticaci\u00f3n y tradici\u00f3n, ideal para el uso diario o entornos formales. Perfecta para hombres que buscan un estilo atemporal y refinado.<\/p>\n","protected":false},"excerpt":{"rendered":"<p>Dolce &amp; Gabbana Pour Homme \u2013 Eau de Toilette Pour Homme es una fragancia cl\u00e1sica y elegante que combina notas arom\u00e1ticas y c\u00edtricas con un fondo amaderado y suave. Su aroma fresco y masculino transmite sofisticaci\u00f3n y tradici\u00f3n, ideal para el uso diario o entornos formales. Perfecta para hombres que buscan un estilo atemporal y [&hellip;]<\/p>\n","protected":false},"featured_media":1249,"template":"","meta":[],"product_brand":[55],"product_cat":[31],"product_tag":[],"class_list":{"0":"post-1247","1":"product","2":"type-product","3":"status-publish","4":"has-post-thumbnail","6":"product_brand-dg","7":"product_cat-perfumes-hombre","8":"pa_ml-125ml","10":"first","11":"instock","12":"shipping-taxable","13":"purchasable","14":"product-type-simple"},"_links":{"self":[{"href":"https:\/\/escaipn2.com\/snecense\/wp-json\/wp\/v2\/product\/1247","targetHints":{"allow":["GET"]}}],"collection":[{"href":"https:\/\/escaipn2.com\/snecense\/wp-json\/wp\/v2\/product"}],"about":[{"href":"https:\/\/escaipn2.com\/snecense\/wp-json\/wp\/v2\/types\/product"}],"wp:featuredmedia":[{"embeddable":true,"href":"https:\/\/escaipn2.com\/snecense\/wp-json\/wp\/v2\/media\/1249"}],"wp:attachment":[{"href":"https:\/\/escaipn2.com\/snecense\/wp-json\/wp\/v2\/media?parent=1247"}],"wp:term":[{"taxonomy":"product_brand","embeddable":true,"href":"https:\/\/escaipn2.com\/snecense\/wp-json\/wp\/v2\/product_brand?post=1247"},{"taxonomy":"product_cat","embeddable":true,"href":"https:\/\/escaipn2.com\/snecense\/wp-json\/wp\/v2\/product_cat?post=1247"},{"taxonomy":"product_tag","embeddable":true,"href":"https:\/\/escaipn2.com\/snecense\/wp-json\/wp\/v2\/product_tag?post=1247"}],"curies":[{"name":"wp","href":"https:\/\/api.w.org\/{rel}","templated":true}]}}