{"id":1207,"date":"2025-12-16T05:08:58","date_gmt":"2025-12-16T05:08:58","guid":{"rendered":"https:\/\/escaipn2.com\/snecense\/?post_type=product&#038;p=1207"},"modified":"2025-12-17T08:33:23","modified_gmt":"2025-12-17T08:33:23","slug":"cacharel-amor-amor-edt-100-ml","status":"publish","type":"product","link":"https:\/\/escaipn2.com\/snecense\/producto\/cacharel-amor-amor-edt-100-ml\/","title":{"rendered":"Cacharel Amor Amor-EDT"},"content":{"rendered":"<p><strong data-start=\"60\" data-end=\"100\">Cacharel Amor Amor \u2013 Eau de Toilette<\/strong><\/p>\n<p>Cacharel Amor Amor es una fragancia femenina vibrante y rom\u00e1ntica que combina notas c\u00edtricas y frutales con un coraz\u00f3n floral dulce y un fondo c\u00e1lido y sensual. Su aroma transmite amor, alegr\u00eda y energ\u00eda positiva, ideal para el uso diario o momentos especiales. Perfecta para mujeres que buscan un estilo femenino, alegre y lleno de pasi\u00f3n.<\/p>\n","protected":false},"excerpt":{"rendered":"<p>Cacharel Amor Amor \u2013 Eau de Toilette Cacharel Amor Amor es una fragancia femenina vibrante y rom\u00e1ntica que combina notas c\u00edtricas y frutales con un coraz\u00f3n floral dulce y un fondo c\u00e1lido y sensual. Su aroma transmite amor, alegr\u00eda y energ\u00eda positiva, ideal para el uso diario o momentos especiales. Perfecta para mujeres que buscan [&hellip;]<\/p>\n","protected":false},"featured_media":1648,"template":"","meta":[],"product_brand":[197],"product_cat":[27,32],"product_tag":[],"class_list":{"0":"post-1207","1":"product","2":"type-product","3":"status-publish","4":"has-post-thumbnail","6":"product_brand-cacharel","7":"product_cat-mujer","8":"product_cat-perfumes-mujer","9":"pa_ml-100ml","11":"first","12":"instock","13":"shipping-taxable","14":"purchasable","15":"product-type-simple"},"_links":{"self":[{"href":"https:\/\/escaipn2.com\/snecense\/wp-json\/wp\/v2\/product\/1207","targetHints":{"allow":["GET"]}}],"collection":[{"href":"https:\/\/escaipn2.com\/snecense\/wp-json\/wp\/v2\/product"}],"about":[{"href":"https:\/\/escaipn2.com\/snecense\/wp-json\/wp\/v2\/types\/product"}],"wp:featuredmedia":[{"embeddable":true,"href":"https:\/\/escaipn2.com\/snecense\/wp-json\/wp\/v2\/media\/1648"}],"wp:attachment":[{"href":"https:\/\/escaipn2.com\/snecense\/wp-json\/wp\/v2\/media?parent=1207"}],"wp:term":[{"taxonomy":"product_brand","embeddable":true,"href":"https:\/\/escaipn2.com\/snecense\/wp-json\/wp\/v2\/product_brand?post=1207"},{"taxonomy":"product_cat","embeddable":true,"href":"https:\/\/escaipn2.com\/snecense\/wp-json\/wp\/v2\/product_cat?post=1207"},{"taxonomy":"product_tag","embeddable":true,"href":"https:\/\/escaipn2.com\/snecense\/wp-json\/wp\/v2\/product_tag?post=1207"}],"curies":[{"name":"wp","href":"https:\/\/api.w.org\/{rel}","templated":true}]}}