{"id":1199,"date":"2025-12-16T05:06:01","date_gmt":"2025-12-16T05:06:01","guid":{"rendered":"https:\/\/escaipn2.com\/snecense\/?post_type=product&#038;p=1199"},"modified":"2025-12-17T08:35:57","modified_gmt":"2025-12-17T08:35:57","slug":"ariana-grande-thank-u-next-edp-100-ml","status":"publish","type":"product","link":"https:\/\/escaipn2.com\/snecense\/producto\/ariana-grande-thank-u-next-edp-100-ml\/","title":{"rendered":"Ariana Grande Thank U Next-EDP"},"content":{"rendered":"<p><strong data-start=\"60\" data-end=\"107\">Ariana Grande Thank U, Next \u2013 Eau de Parfum<\/strong><br data-start=\"107\" data-end=\"110\" \/>Ariana Grande Thank U, Next es una fragancia femenina dulce y moderna que combina notas frutales jugosas con un coraz\u00f3n floral suave y un fondo c\u00e1lido y envolvente. Su aroma transmite confianza, empoderamiento y alegr\u00eda juvenil, ideal para el uso diario o momentos especiales. Perfecta para mujeres que buscan una esencia divertida, contempor\u00e1nea y con personalidad propia.<\/p>\n","protected":false},"excerpt":{"rendered":"<p>Ariana Grande Thank U, Next \u2013 Eau de ParfumAriana Grande Thank U, Next es una fragancia femenina dulce y moderna que combina notas frutales jugosas con un coraz\u00f3n floral suave y un fondo c\u00e1lido y envolvente. Su aroma transmite confianza, empoderamiento y alegr\u00eda juvenil, ideal para el uso diario o momentos especiales. Perfecta para mujeres [&hellip;]<\/p>\n","protected":false},"featured_media":1651,"template":"","meta":[],"product_brand":[195],"product_cat":[27,32],"product_tag":[],"class_list":{"0":"post-1199","1":"product","2":"type-product","3":"status-publish","4":"has-post-thumbnail","6":"product_brand-ariana-grande","7":"product_cat-mujer","8":"product_cat-perfumes-mujer","9":"pa_ml-100ml","11":"first","12":"instock","13":"shipping-taxable","14":"purchasable","15":"product-type-simple"},"_links":{"self":[{"href":"https:\/\/escaipn2.com\/snecense\/wp-json\/wp\/v2\/product\/1199","targetHints":{"allow":["GET"]}}],"collection":[{"href":"https:\/\/escaipn2.com\/snecense\/wp-json\/wp\/v2\/product"}],"about":[{"href":"https:\/\/escaipn2.com\/snecense\/wp-json\/wp\/v2\/types\/product"}],"wp:featuredmedia":[{"embeddable":true,"href":"https:\/\/escaipn2.com\/snecense\/wp-json\/wp\/v2\/media\/1651"}],"wp:attachment":[{"href":"https:\/\/escaipn2.com\/snecense\/wp-json\/wp\/v2\/media?parent=1199"}],"wp:term":[{"taxonomy":"product_brand","embeddable":true,"href":"https:\/\/escaipn2.com\/snecense\/wp-json\/wp\/v2\/product_brand?post=1199"},{"taxonomy":"product_cat","embeddable":true,"href":"https:\/\/escaipn2.com\/snecense\/wp-json\/wp\/v2\/product_cat?post=1199"},{"taxonomy":"product_tag","embeddable":true,"href":"https:\/\/escaipn2.com\/snecense\/wp-json\/wp\/v2\/product_tag?post=1199"}],"curies":[{"name":"wp","href":"https:\/\/api.w.org\/{rel}","templated":true}]}}