{"id":1183,"date":"2025-12-16T04:51:05","date_gmt":"2025-12-16T04:51:05","guid":{"rendered":"https:\/\/escaipn2.com\/snecense\/?post_type=product&#038;p=1183"},"modified":"2025-12-17T08:48:29","modified_gmt":"2025-12-17T08:48:29","slug":"ariana-grande-ari-edp-100-ml","status":"publish","type":"product","link":"https:\/\/escaipn2.com\/snecense\/producto\/ariana-grande-ari-edp-100-ml\/","title":{"rendered":"Ariana Grande Ari-EDP"},"content":{"rendered":"<p><span class=\"citation-76\"><strong data-start=\"60\" data-end=\"97\">Ariana Grande Ari \u2013 Eau de Parfum<\/strong><\/span><\/p>\n<p><span class=\"citation-76\">Ariana Grande Ari es una fragancia femenina dulce y elegante que combina notas frutales jugosas con un coraz\u00f3n floral suave y un fondo c\u00e1lido y envolvente. Su aroma transmite alegr\u00eda, sensualidad y estilo moderno, ideal para el uso diario o momentos especiales. Perfecta para mujeres que buscan una esencia femenina, vibrante y con personalidad.<\/span><\/p>\n","protected":false},"excerpt":{"rendered":"<p>Ariana Grande Ari \u2013 Eau de Parfum Ariana Grande Ari es una fragancia femenina dulce y elegante que combina notas frutales jugosas con un coraz\u00f3n floral suave y un fondo c\u00e1lido y envolvente. Su aroma transmite alegr\u00eda, sensualidad y estilo moderno, ideal para el uso diario o momentos especiales. Perfecta para mujeres que buscan una [&hellip;]<\/p>\n","protected":false},"featured_media":1667,"template":"","meta":[],"product_brand":[195],"product_cat":[27,32],"product_tag":[],"class_list":{"0":"post-1183","1":"product","2":"type-product","3":"status-publish","4":"has-post-thumbnail","6":"product_brand-ariana-grande","7":"product_cat-mujer","8":"product_cat-perfumes-mujer","9":"pa_ml-100ml","11":"first","12":"instock","13":"shipping-taxable","14":"purchasable","15":"product-type-simple"},"_links":{"self":[{"href":"https:\/\/escaipn2.com\/snecense\/wp-json\/wp\/v2\/product\/1183","targetHints":{"allow":["GET"]}}],"collection":[{"href":"https:\/\/escaipn2.com\/snecense\/wp-json\/wp\/v2\/product"}],"about":[{"href":"https:\/\/escaipn2.com\/snecense\/wp-json\/wp\/v2\/types\/product"}],"wp:featuredmedia":[{"embeddable":true,"href":"https:\/\/escaipn2.com\/snecense\/wp-json\/wp\/v2\/media\/1667"}],"wp:attachment":[{"href":"https:\/\/escaipn2.com\/snecense\/wp-json\/wp\/v2\/media?parent=1183"}],"wp:term":[{"taxonomy":"product_brand","embeddable":true,"href":"https:\/\/escaipn2.com\/snecense\/wp-json\/wp\/v2\/product_brand?post=1183"},{"taxonomy":"product_cat","embeddable":true,"href":"https:\/\/escaipn2.com\/snecense\/wp-json\/wp\/v2\/product_cat?post=1183"},{"taxonomy":"product_tag","embeddable":true,"href":"https:\/\/escaipn2.com\/snecense\/wp-json\/wp\/v2\/product_tag?post=1183"}],"curies":[{"name":"wp","href":"https:\/\/api.w.org\/{rel}","templated":true}]}}