{"id":1163,"date":"2025-12-16T04:33:35","date_gmt":"2025-12-16T04:33:35","guid":{"rendered":"https:\/\/escaipn2.com\/snecense\/?post_type=product&#038;p=1163"},"modified":"2025-12-17T08:59:03","modified_gmt":"2025-12-17T08:59:03","slug":"dolce-gabbana-light-blue-edt-100-ml","status":"publish","type":"product","link":"https:\/\/escaipn2.com\/snecense\/producto\/dolce-gabbana-light-blue-edt-100-ml\/","title":{"rendered":"Dolce &#038; Gabbana Light Blue-EDT"},"content":{"rendered":"<p><strong data-start=\"60\" data-end=\"108\">Dolce &amp; Gabbana Light Blue \u2013 Eau de Toilette<\/strong><\/p>\n<p>Dolce &amp; Gabbana Light Blue es una fragancia femenina fresca y luminosa que combina notas c\u00edtricas y frutales con un coraz\u00f3n floral delicado y un fondo suave y amaderado. Su aroma transmite vitalidad, alegr\u00eda y frescura mediterr\u00e1nea, ideal para el uso diario o d\u00edas c\u00e1lidos. Perfecta para mujeres que buscan un estilo natural, elegante y lleno de energ\u00eda positiva.<\/p>\n","protected":false},"excerpt":{"rendered":"<p>Dolce &amp; Gabbana Light Blue \u2013 Eau de Toilette Dolce &amp; Gabbana Light Blue es una fragancia femenina fresca y luminosa que combina notas c\u00edtricas y frutales con un coraz\u00f3n floral delicado y un fondo suave y amaderado. Su aroma transmite vitalidad, alegr\u00eda y frescura mediterr\u00e1nea, ideal para el uso diario o d\u00edas c\u00e1lidos. Perfecta [&hellip;]<\/p>\n","protected":false},"featured_media":1681,"template":"","meta":[],"product_brand":[55],"product_cat":[27,32],"product_tag":[],"class_list":{"0":"post-1163","1":"product","2":"type-product","3":"status-publish","4":"has-post-thumbnail","6":"product_brand-dg","7":"product_cat-mujer","8":"product_cat-perfumes-mujer","9":"pa_ml-100ml","11":"first","12":"instock","13":"sale","14":"shipping-taxable","15":"purchasable","16":"product-type-simple"},"_links":{"self":[{"href":"https:\/\/escaipn2.com\/snecense\/wp-json\/wp\/v2\/product\/1163","targetHints":{"allow":["GET"]}}],"collection":[{"href":"https:\/\/escaipn2.com\/snecense\/wp-json\/wp\/v2\/product"}],"about":[{"href":"https:\/\/escaipn2.com\/snecense\/wp-json\/wp\/v2\/types\/product"}],"wp:featuredmedia":[{"embeddable":true,"href":"https:\/\/escaipn2.com\/snecense\/wp-json\/wp\/v2\/media\/1681"}],"wp:attachment":[{"href":"https:\/\/escaipn2.com\/snecense\/wp-json\/wp\/v2\/media?parent=1163"}],"wp:term":[{"taxonomy":"product_brand","embeddable":true,"href":"https:\/\/escaipn2.com\/snecense\/wp-json\/wp\/v2\/product_brand?post=1163"},{"taxonomy":"product_cat","embeddable":true,"href":"https:\/\/escaipn2.com\/snecense\/wp-json\/wp\/v2\/product_cat?post=1163"},{"taxonomy":"product_tag","embeddable":true,"href":"https:\/\/escaipn2.com\/snecense\/wp-json\/wp\/v2\/product_tag?post=1163"}],"curies":[{"name":"wp","href":"https:\/\/api.w.org\/{rel}","templated":true}]}}