{"id":1153,"date":"2025-12-16T04:13:01","date_gmt":"2025-12-16T04:13:01","guid":{"rendered":"https:\/\/escaipn2.com\/snecense\/?post_type=product&#038;p=1153"},"modified":"2025-12-17T09:07:40","modified_gmt":"2025-12-17T09:07:40","slug":"jesus-del-pozo-halloween-edt-100-ml","status":"publish","type":"product","link":"https:\/\/escaipn2.com\/snecense\/producto\/jesus-del-pozo-halloween-edt-100-ml\/","title":{"rendered":"Jesus del Pozo Halloween-EDT"},"content":{"rendered":"<p><strong data-start=\"60\" data-end=\"106\">Jes\u00fas del Pozo Halloween \u2013 Eau de Toilette<\/strong><\/p>\n<p>Jes\u00fas del Pozo Halloween es una fragancia masculina vibrante y audaz que combina notas especiadas y arom\u00e1ticas con un fondo amaderado y sensual. Su aroma moderno transmite energ\u00eda, misterio y estilo atrevido, ideal para el uso diario o salidas nocturnas. Perfecta para hombres que buscan una esencia con personalidad fuerte y presencia \u00fanica.<\/p>\n","protected":false},"excerpt":{"rendered":"<p>Jes\u00fas del Pozo Halloween \u2013 Eau de Toilette Jes\u00fas del Pozo Halloween es una fragancia masculina vibrante y audaz que combina notas especiadas y arom\u00e1ticas con un fondo amaderado y sensual. Su aroma moderno transmite energ\u00eda, misterio y estilo atrevido, ideal para el uso diario o salidas nocturnas. Perfecta para hombres que buscan una esencia [&hellip;]<\/p>\n","protected":false},"featured_media":1695,"template":"","meta":[],"product_brand":[201],"product_cat":[27,32],"product_tag":[],"class_list":{"0":"post-1153","1":"product","2":"type-product","3":"status-publish","4":"has-post-thumbnail","6":"product_brand-jesus-del-pozo","7":"product_cat-mujer","8":"product_cat-perfumes-mujer","9":"pa_ml-100ml","11":"first","12":"instock","13":"sale","14":"shipping-taxable","15":"purchasable","16":"product-type-simple"},"_links":{"self":[{"href":"https:\/\/escaipn2.com\/snecense\/wp-json\/wp\/v2\/product\/1153","targetHints":{"allow":["GET"]}}],"collection":[{"href":"https:\/\/escaipn2.com\/snecense\/wp-json\/wp\/v2\/product"}],"about":[{"href":"https:\/\/escaipn2.com\/snecense\/wp-json\/wp\/v2\/types\/product"}],"wp:featuredmedia":[{"embeddable":true,"href":"https:\/\/escaipn2.com\/snecense\/wp-json\/wp\/v2\/media\/1695"}],"wp:attachment":[{"href":"https:\/\/escaipn2.com\/snecense\/wp-json\/wp\/v2\/media?parent=1153"}],"wp:term":[{"taxonomy":"product_brand","embeddable":true,"href":"https:\/\/escaipn2.com\/snecense\/wp-json\/wp\/v2\/product_brand?post=1153"},{"taxonomy":"product_cat","embeddable":true,"href":"https:\/\/escaipn2.com\/snecense\/wp-json\/wp\/v2\/product_cat?post=1153"},{"taxonomy":"product_tag","embeddable":true,"href":"https:\/\/escaipn2.com\/snecense\/wp-json\/wp\/v2\/product_tag?post=1153"}],"curies":[{"name":"wp","href":"https:\/\/api.w.org\/{rel}","templated":true}]}}