{"id":1129,"date":"2025-12-16T02:20:08","date_gmt":"2025-12-16T02:20:08","guid":{"rendered":"https:\/\/escaipn2.com\/snecense\/?post_type=product&#038;p=1129"},"modified":"2025-12-16T02:20:08","modified_gmt":"2025-12-16T02:20:08","slug":"calvin-klein-eternity-edt","status":"publish","type":"product","link":"https:\/\/escaipn2.com\/snecense\/producto\/calvin-klein-eternity-edt\/","title":{"rendered":"Calvin Klein Eternity-EDT"},"content":{"rendered":"<p><strong data-start=\"60\" data-end=\"103\">Calvin Klein Eternity \u2013 Eau de Toilette<\/strong><\/p>\n<p>Eternity es una fragancia fresca y elegante que combina notas arom\u00e1ticas y verdes con un fondo limpio y suave. Su aroma atemporal transmite equilibrio y sofisticaci\u00f3n, ideal para el uso diario. Perfecta para hombres que buscan un estilo cl\u00e1sico, fresco y refinado.<\/p>\n","protected":false},"excerpt":{"rendered":"<p>Calvin Klein Eternity \u2013 Eau de Toilette Eternity es una fragancia fresca y elegante que combina notas arom\u00e1ticas y verdes con un fondo limpio y suave. Su aroma atemporal transmite equilibrio y sofisticaci\u00f3n, ideal para el uso diario. Perfecta para hombres que buscan un estilo cl\u00e1sico, fresco y refinado.<\/p>\n","protected":false},"featured_media":1130,"template":"","meta":[],"product_brand":[43],"product_cat":[31],"product_tag":[],"class_list":{"0":"post-1129","1":"product","2":"type-product","3":"status-publish","4":"has-post-thumbnail","6":"product_brand-ck","7":"product_cat-perfumes-hombre","8":"pa_ml-100ml","10":"first","11":"instock","12":"shipping-taxable","13":"purchasable","14":"product-type-simple"},"_links":{"self":[{"href":"https:\/\/escaipn2.com\/snecense\/wp-json\/wp\/v2\/product\/1129","targetHints":{"allow":["GET"]}}],"collection":[{"href":"https:\/\/escaipn2.com\/snecense\/wp-json\/wp\/v2\/product"}],"about":[{"href":"https:\/\/escaipn2.com\/snecense\/wp-json\/wp\/v2\/types\/product"}],"wp:featuredmedia":[{"embeddable":true,"href":"https:\/\/escaipn2.com\/snecense\/wp-json\/wp\/v2\/media\/1130"}],"wp:attachment":[{"href":"https:\/\/escaipn2.com\/snecense\/wp-json\/wp\/v2\/media?parent=1129"}],"wp:term":[{"taxonomy":"product_brand","embeddable":true,"href":"https:\/\/escaipn2.com\/snecense\/wp-json\/wp\/v2\/product_brand?post=1129"},{"taxonomy":"product_cat","embeddable":true,"href":"https:\/\/escaipn2.com\/snecense\/wp-json\/wp\/v2\/product_cat?post=1129"},{"taxonomy":"product_tag","embeddable":true,"href":"https:\/\/escaipn2.com\/snecense\/wp-json\/wp\/v2\/product_tag?post=1129"}],"curies":[{"name":"wp","href":"https:\/\/api.w.org\/{rel}","templated":true}]}}