{"id":1125,"date":"2025-12-16T02:14:21","date_gmt":"2025-12-16T02:14:21","guid":{"rendered":"https:\/\/escaipn2.com\/snecense\/?post_type=product&#038;p=1125"},"modified":"2025-12-16T02:14:21","modified_gmt":"2025-12-16T02:14:21","slug":"hugo-boss-bottled-no-6-edt","status":"publish","type":"product","link":"https:\/\/escaipn2.com\/snecense\/producto\/hugo-boss-bottled-no-6-edt\/","title":{"rendered":"Hugo Boss Bottled No. 6-EDT"},"content":{"rendered":"<p><strong data-start=\"60\" data-end=\"105\">Hugo Boss Bottled No. 6 \u2013 Eau de Toilette<\/strong><\/p>\n<p>Bottled No. 6 es una fragancia cl\u00e1sica y elegante que combina notas frutales y especiadas con un fondo amaderado y c\u00e1lido. Su aroma es equilibrado y vers\u00e1til, ideal para el uso diario o para ocasiones formales. Perfecta para hombres seguros de s\u00ed mismos que buscan un estilo atemporal y sofisticado.<\/p>\n","protected":false},"excerpt":{"rendered":"<p>Hugo Boss Bottled No. 6 \u2013 Eau de Toilette Bottled No. 6 es una fragancia cl\u00e1sica y elegante que combina notas frutales y especiadas con un fondo amaderado y c\u00e1lido. Su aroma es equilibrado y vers\u00e1til, ideal para el uso diario o para ocasiones formales. Perfecta para hombres seguros de s\u00ed mismos que buscan un [&hellip;]<\/p>\n","protected":false},"featured_media":1128,"template":"","meta":[],"product_brand":[41],"product_cat":[31],"product_tag":[],"class_list":{"0":"post-1125","1":"product","2":"type-product","3":"status-publish","4":"has-post-thumbnail","6":"product_brand-hb","7":"product_cat-perfumes-hombre","8":"pa_ml-100ml","10":"first","11":"instock","12":"shipping-taxable","13":"purchasable","14":"product-type-simple"},"_links":{"self":[{"href":"https:\/\/escaipn2.com\/snecense\/wp-json\/wp\/v2\/product\/1125","targetHints":{"allow":["GET"]}}],"collection":[{"href":"https:\/\/escaipn2.com\/snecense\/wp-json\/wp\/v2\/product"}],"about":[{"href":"https:\/\/escaipn2.com\/snecense\/wp-json\/wp\/v2\/types\/product"}],"wp:featuredmedia":[{"embeddable":true,"href":"https:\/\/escaipn2.com\/snecense\/wp-json\/wp\/v2\/media\/1128"}],"wp:attachment":[{"href":"https:\/\/escaipn2.com\/snecense\/wp-json\/wp\/v2\/media?parent=1125"}],"wp:term":[{"taxonomy":"product_brand","embeddable":true,"href":"https:\/\/escaipn2.com\/snecense\/wp-json\/wp\/v2\/product_brand?post=1125"},{"taxonomy":"product_cat","embeddable":true,"href":"https:\/\/escaipn2.com\/snecense\/wp-json\/wp\/v2\/product_cat?post=1125"},{"taxonomy":"product_tag","embeddable":true,"href":"https:\/\/escaipn2.com\/snecense\/wp-json\/wp\/v2\/product_tag?post=1125"}],"curies":[{"name":"wp","href":"https:\/\/api.w.org\/{rel}","templated":true}]}}