{"id":1114,"date":"2025-12-15T17:44:25","date_gmt":"2025-12-15T17:44:25","guid":{"rendered":"https:\/\/escaipn2.com\/snecense\/?post_type=product&#038;p=1114"},"modified":"2025-12-15T17:44:25","modified_gmt":"2025-12-15T17:44:25","slug":"paco-rabanne-phantom-edt","status":"publish","type":"product","link":"https:\/\/escaipn2.com\/snecense\/producto\/paco-rabanne-phantom-edt\/","title":{"rendered":"Paco Rabanne Phantom-EDT"},"content":{"rendered":"<p><strong data-start=\"95\" data-end=\"125\">Paco Rabanne Phantom \u2013 Eau de Toilette<\/strong><br data-start=\"125\" data-end=\"128\" \/>Phantom es una fragancia moderna y vibrante que combina notas c\u00edtricas y arom\u00e1ticas con un fondo c\u00e1lido y amaderado. Su aroma en\u00e9rgico y futurista refleja personalidad y confianza, ideal para hombres j\u00f3venes y seguros que buscan un estilo audaz y distintivo.<\/p>\n","protected":false},"excerpt":{"rendered":"<p>Paco Rabanne Phantom \u2013 Eau de ToilettePhantom es una fragancia moderna y vibrante que combina notas c\u00edtricas y arom\u00e1ticas con un fondo c\u00e1lido y amaderado. Su aroma en\u00e9rgico y futurista refleja personalidad y confianza, ideal para hombres j\u00f3venes y seguros que buscan un estilo audaz y distintivo.<\/p>\n","protected":false},"featured_media":1115,"template":"","meta":[],"product_brand":[49],"product_cat":[31],"product_tag":[],"class_list":{"0":"post-1114","1":"product","2":"type-product","3":"status-publish","4":"has-post-thumbnail","6":"product_brand-pr","7":"product_cat-perfumes-hombre","8":"pa_ml-100ml","10":"first","11":"instock","12":"shipping-taxable","13":"purchasable","14":"product-type-simple"},"_links":{"self":[{"href":"https:\/\/escaipn2.com\/snecense\/wp-json\/wp\/v2\/product\/1114","targetHints":{"allow":["GET"]}}],"collection":[{"href":"https:\/\/escaipn2.com\/snecense\/wp-json\/wp\/v2\/product"}],"about":[{"href":"https:\/\/escaipn2.com\/snecense\/wp-json\/wp\/v2\/types\/product"}],"wp:featuredmedia":[{"embeddable":true,"href":"https:\/\/escaipn2.com\/snecense\/wp-json\/wp\/v2\/media\/1115"}],"wp:attachment":[{"href":"https:\/\/escaipn2.com\/snecense\/wp-json\/wp\/v2\/media?parent=1114"}],"wp:term":[{"taxonomy":"product_brand","embeddable":true,"href":"https:\/\/escaipn2.com\/snecense\/wp-json\/wp\/v2\/product_brand?post=1114"},{"taxonomy":"product_cat","embeddable":true,"href":"https:\/\/escaipn2.com\/snecense\/wp-json\/wp\/v2\/product_cat?post=1114"},{"taxonomy":"product_tag","embeddable":true,"href":"https:\/\/escaipn2.com\/snecense\/wp-json\/wp\/v2\/product_tag?post=1114"}],"curies":[{"name":"wp","href":"https:\/\/api.w.org\/{rel}","templated":true}]}}