{"id":1110,"date":"2025-12-15T17:31:44","date_gmt":"2025-12-15T17:31:44","guid":{"rendered":"https:\/\/escaipn2.com\/snecense\/?post_type=product&#038;p=1110"},"modified":"2025-12-15T17:31:44","modified_gmt":"2025-12-15T17:31:44","slug":"hugo-boss-bottled-infinite-edp","status":"publish","type":"product","link":"https:\/\/escaipn2.com\/snecense\/producto\/hugo-boss-bottled-infinite-edp\/","title":{"rendered":"Hugo Boss Bottled Infinite-EDP"},"content":{"rendered":"<p><strong data-start=\"101\" data-end=\"137\">Hugo Boss Bottled Infinite \u2013 Eau de Parfum<\/strong><br data-start=\"137\" data-end=\"140\" \/>Bottled Infinite es una fragancia fresca, elegante y moderna que combina notas c\u00edtricas y especiadas con un fondo amaderado. Su aroma transmite confianza, energ\u00eda y sofisticaci\u00f3n, ideal para el uso diario o momentos especiales, pensado para hombres decididos y contempor\u00e1neos.<\/p>\n","protected":false},"excerpt":{"rendered":"<p>Hugo Boss Bottled Infinite \u2013 Eau de ParfumBottled Infinite es una fragancia fresca, elegante y moderna que combina notas c\u00edtricas y especiadas con un fondo amaderado. Su aroma transmite confianza, energ\u00eda y sofisticaci\u00f3n, ideal para el uso diario o momentos especiales, pensado para hombres decididos y contempor\u00e1neos.<\/p>\n","protected":false},"featured_media":1111,"template":"","meta":[],"product_brand":[41],"product_cat":[31],"product_tag":[],"class_list":{"0":"post-1110","1":"product","2":"type-product","3":"status-publish","4":"has-post-thumbnail","6":"product_brand-hb","7":"product_cat-perfumes-hombre","8":"pa_ml-100ml","10":"first","11":"instock","12":"shipping-taxable","13":"purchasable","14":"product-type-simple"},"_links":{"self":[{"href":"https:\/\/escaipn2.com\/snecense\/wp-json\/wp\/v2\/product\/1110","targetHints":{"allow":["GET"]}}],"collection":[{"href":"https:\/\/escaipn2.com\/snecense\/wp-json\/wp\/v2\/product"}],"about":[{"href":"https:\/\/escaipn2.com\/snecense\/wp-json\/wp\/v2\/types\/product"}],"wp:featuredmedia":[{"embeddable":true,"href":"https:\/\/escaipn2.com\/snecense\/wp-json\/wp\/v2\/media\/1111"}],"wp:attachment":[{"href":"https:\/\/escaipn2.com\/snecense\/wp-json\/wp\/v2\/media?parent=1110"}],"wp:term":[{"taxonomy":"product_brand","embeddable":true,"href":"https:\/\/escaipn2.com\/snecense\/wp-json\/wp\/v2\/product_brand?post=1110"},{"taxonomy":"product_cat","embeddable":true,"href":"https:\/\/escaipn2.com\/snecense\/wp-json\/wp\/v2\/product_cat?post=1110"},{"taxonomy":"product_tag","embeddable":true,"href":"https:\/\/escaipn2.com\/snecense\/wp-json\/wp\/v2\/product_tag?post=1110"}],"curies":[{"name":"wp","href":"https:\/\/api.w.org\/{rel}","templated":true}]}}