{"id":1098,"date":"2025-12-15T16:59:23","date_gmt":"2025-12-15T16:59:23","guid":{"rendered":"https:\/\/escaipn2.com\/snecense\/?post_type=product&#038;p=1098"},"modified":"2025-12-15T16:59:23","modified_gmt":"2025-12-15T16:59:23","slug":"tommy-hilfiger-impact-intense-travel-edp","status":"publish","type":"product","link":"https:\/\/escaipn2.com\/snecense\/producto\/tommy-hilfiger-impact-intense-travel-edp\/","title":{"rendered":"Tommy Hilfiger Impact Intense + Travel-EDP"},"content":{"rendered":"<p><strong data-start=\"111\" data-end=\"159\">Tommy Hilfiger Tommy Impact Intense + Travel &#8211; Eau de Parfum<\/strong><\/p>\n<p>Tommy Impact Intense es una fragancia moderna y energ\u00e9tica que combina notas arom\u00e1ticas y amaderadas con un fondo intenso y sofisticado. Su aroma transmite determinaci\u00f3n y car\u00e1cter, ideal para hombres seguros y activos. El formato travel lo hace perfecto para llevar a cualquier lugar sin perder estilo ni intensidad.<\/p>\n","protected":false},"excerpt":{"rendered":"<p>Tommy Hilfiger Tommy Impact Intense + Travel &#8211; Eau de Parfum Tommy Impact Intense es una fragancia moderna y energ\u00e9tica que combina notas arom\u00e1ticas y amaderadas con un fondo intenso y sofisticado. Su aroma transmite determinaci\u00f3n y car\u00e1cter, ideal para hombres seguros y activos. El formato travel lo hace perfecto para llevar a cualquier lugar [&hellip;]<\/p>\n","protected":false},"featured_media":1100,"template":"","meta":[],"product_brand":[52],"product_cat":[31],"product_tag":[],"class_list":{"0":"post-1098","1":"product","2":"type-product","3":"status-publish","4":"has-post-thumbnail","6":"product_brand-th","7":"product_cat-perfumes-hombre","8":"pa_ml-100ml","10":"first","11":"instock","12":"shipping-taxable","13":"purchasable","14":"product-type-simple"},"_links":{"self":[{"href":"https:\/\/escaipn2.com\/snecense\/wp-json\/wp\/v2\/product\/1098","targetHints":{"allow":["GET"]}}],"collection":[{"href":"https:\/\/escaipn2.com\/snecense\/wp-json\/wp\/v2\/product"}],"about":[{"href":"https:\/\/escaipn2.com\/snecense\/wp-json\/wp\/v2\/types\/product"}],"wp:featuredmedia":[{"embeddable":true,"href":"https:\/\/escaipn2.com\/snecense\/wp-json\/wp\/v2\/media\/1100"}],"wp:attachment":[{"href":"https:\/\/escaipn2.com\/snecense\/wp-json\/wp\/v2\/media?parent=1098"}],"wp:term":[{"taxonomy":"product_brand","embeddable":true,"href":"https:\/\/escaipn2.com\/snecense\/wp-json\/wp\/v2\/product_brand?post=1098"},{"taxonomy":"product_cat","embeddable":true,"href":"https:\/\/escaipn2.com\/snecense\/wp-json\/wp\/v2\/product_cat?post=1098"},{"taxonomy":"product_tag","embeddable":true,"href":"https:\/\/escaipn2.com\/snecense\/wp-json\/wp\/v2\/product_tag?post=1098"}],"curies":[{"name":"wp","href":"https:\/\/api.w.org\/{rel}","templated":true}]}}