{"id":1807,"date":"2026-01-03T00:09:27","date_gmt":"2026-01-03T00:09:27","guid":{"rendered":"https:\/\/escaipn2.com\/snecense\/?page_id=1807"},"modified":"2026-01-06T19:00:40","modified_gmt":"2026-01-06T19:00:40","slug":"pagos-y-seguridad","status":"publish","type":"page","link":"https:\/\/escaipn2.com\/snecense\/pagos-y-seguridad\/","title":{"rendered":"PAGOS Y SEGURIDAD"},"content":{"rendered":"\n<p><br><span style=\"color: #0f0e17;\" class=\"stk-highlight\">En nuestra tienda, queremos que estrenar sea tan f\u00e1cil como dar un clic. Por eso, ponemos a tu disposici\u00f3n los m\u00e9todos de pago m\u00e1s seguros y r\u00e1pidos del mercado para que tus gorras, perfumes favoritos y ropa unisex lleguen a ti sin complicaciones<\/span><\/p>\n\n\n\n<p>T<span style=\"color: #0f0e17;\" class=\"stk-highlight\">arjetas de D\u00e9bito y Cr\u00e9dito: Aceptamos Visa, Mastercard y American Express procesadas a trav\u00e9s de Stripe, garantizando la m\u00e1xima protecci\u00f3n de tus datos.<\/span><\/p>\n\n\n\n<p><span style=\"color: #0f0e17;\" class=\"stk-highlight\">PayPal: Paga de forma r\u00e1pida y segura utilizando tu cuenta de PayPal.<\/span><\/p>\n\n\n\n<p><span style=\"color: #0f0e17;\" class=\"stk-highlight\">Apple Pay y Alipay: Disponibles para un pago \u00e1gil con un solo toque desde tus dispositivos compatibles.<\/span><\/p>\n\n\n\n<p><span style=\"color: #0a0a0a;\" class=\"stk-highlight\">Pr\u00f3ximamente: Estamos trabajando para integrar m\u00e1s opciones de pago en efectivo y financiamiento para que nada te detenga.<\/span><\/p>\n\n\n\n<p><span style=\"color: #030303;\" class=\"stk-highlight\">Cupones y Descuentos: Si tienes un c\u00f3digo de descuento, podr\u00e1s aplicarlo justo antes de finalizar tu pedido. Recuerda que los c\u00f3digos tienen una vigencia espec\u00edfica, no son acumulables y solo pueden ser utilizados en nuestra tienda oficial en l\u00ednea.<\/span><\/p>\n\n\n\n<p><span style=\"color: #000000;\" class=\"stk-highlight\">Seguridad en tu Compra Tu seguridad es nuestra prioridad. Todas las transacciones son cifradas para que la compra de tu perfumer\u00eda y ropa sea 100% confiable.<\/span><\/p>\n\n\n\n<h3 class=\"wp-block-heading has-text-align-left\">Para cualquier duda sobre tu proceso de pago, no dudes en contactarnos a trav\u00e9s de nuestro apartado de <strong>T\u00e9rminos y Condiciones<\/strong> o directamente por v\u00eda telef\u00f3nica y correo electr\u00f3nico.<\/h3>\n\n\n\n<p><\/p>\n\n\n\n<p><\/p>\n","protected":false},"excerpt":{"rendered":"<p>En nuestra tienda, queremos que estrenar sea tan f\u00e1cil como dar un clic. Por eso, ponemos a tu disposici\u00f3n los m\u00e9todos de pago m\u00e1s seguros y r\u00e1pidos del mercado para que tus gorras, perfumes favoritos y ropa unisex lleguen a ti sin complicaciones Tarjetas de D\u00e9bito y Cr\u00e9dito: Aceptamos Visa, Mastercard y American Express procesadas [&hellip;]<\/p>\n","protected":false},"author":2,"featured_media":0,"parent":0,"menu_order":0,"comment_status":"closed","ping_status":"closed","template":"","meta":{"footnotes":""},"class_list":["post-1807","page","type-page","status-publish","hentry"],"blocksy_meta":[],"_hostinger_reach_plugin_has_subscription_block":false,"_hostinger_reach_plugin_is_elementor":false,"_links":{"self":[{"href":"https:\/\/escaipn2.com\/snecense\/wp-json\/wp\/v2\/pages\/1807","targetHints":{"allow":["GET"]}}],"collection":[{"href":"https:\/\/escaipn2.com\/snecense\/wp-json\/wp\/v2\/pages"}],"about":[{"href":"https:\/\/escaipn2.com\/snecense\/wp-json\/wp\/v2\/types\/page"}],"author":[{"embeddable":true,"href":"https:\/\/escaipn2.com\/snecense\/wp-json\/wp\/v2\/users\/2"}],"replies":[{"embeddable":true,"href":"https:\/\/escaipn2.com\/snecense\/wp-json\/wp\/v2\/comments?post=1807"}],"version-history":[{"count":2,"href":"https:\/\/escaipn2.com\/snecense\/wp-json\/wp\/v2\/pages\/1807\/revisions"}],"predecessor-version":[{"id":2114,"href":"https:\/\/escaipn2.com\/snecense\/wp-json\/wp\/v2\/pages\/1807\/revisions\/2114"}],"wp:attachment":[{"href":"https:\/\/escaipn2.com\/snecense\/wp-json\/wp\/v2\/media?parent=1807"}],"curies":[{"name":"wp","href":"https:\/\/api.w.org\/{rel}","templated":true}]}}